{"id":210,"date":"2024-07-04T20:46:05","date_gmt":"2024-07-04T20:46:05","guid":{"rendered":"https:\/\/mikelssen.sk\/ponuka-zrealizovane\/"},"modified":"2024-07-04T20:57:37","modified_gmt":"2024-07-04T20:57:37","slug":"ponuka-zrealizovane","status":"publish","type":"page","link":"https:\/\/mikelssen.sk\/en\/ponuka-zrealizovane\/","title":{"rendered":"Ponuka &#8211; zrealizovan\u00e9"},"content":{"rendered":"","protected":false},"excerpt":{"rendered":"","protected":false},"author":1,"featured_media":0,"parent":0,"menu_order":0,"comment_status":"closed","ping_status":"closed","template":"page-list-finished.php","meta":{"_acf_changed":false,"footnotes":""},"class_list":["post-210","page","type-page","status-publish","hentry"],"acf":[],"yoast_head":"<!-- This site is optimized with the Yoast SEO plugin v27.4 - https:\/\/yoast.com\/product\/yoast-seo-wordpress\/ -->\n<title>Ponuka - zrealizovan\u00e9 - MIKELSSEN<\/title>\n<meta name=\"robots\" content=\"index, follow, max-snippet:-1, max-image-preview:large, max-video-preview:-1\" \/>\n<link rel=\"canonical\" href=\"https:\/\/mikelssen.sk\/en\/ponuka-zrealizovane\/\" \/>\n<meta property=\"og:locale\" content=\"en_US\" \/>\n<meta property=\"og:type\" content=\"article\" \/>\n<meta property=\"og:title\" content=\"Ponuka - zrealizovan\u00e9 - MIKELSSEN\" \/>\n<meta property=\"og:url\" content=\"https:\/\/mikelssen.sk\/en\/ponuka-zrealizovane\/\" \/>\n<meta property=\"og:site_name\" content=\"MIKELSSEN\" \/>\n<meta property=\"article:publisher\" content=\"https:\/\/www.facebook.com\/mikelssen\" \/>\n<meta property=\"article:modified_time\" content=\"2024-07-04T20:57:37+00:00\" \/>\n<meta property=\"og:image\" content=\"https:\/\/mikelssen.sk\/wp-content\/uploads\/2022\/08\/fb-share.png\" \/>\n\t<meta property=\"og:image:width\" content=\"1200\" \/>\n\t<meta property=\"og:image:height\" content=\"630\" \/>\n\t<meta property=\"og:image:type\" content=\"image\/png\" \/>\n<meta name=\"twitter:card\" content=\"summary_large_image\" \/>\n<script type=\"application\/ld+json\" class=\"yoast-schema-graph\">{\"@context\":\"https:\\\/\\\/schema.org\",\"@graph\":[{\"@type\":\"WebPage\",\"@id\":\"https:\\\/\\\/mikelssen.sk\\\/en\\\/ponuka-zrealizovane\\\/\",\"url\":\"https:\\\/\\\/mikelssen.sk\\\/en\\\/ponuka-zrealizovane\\\/\",\"name\":\"Ponuka - zrealizovan\u00e9 - MIKELSSEN\",\"isPartOf\":{\"@id\":\"https:\\\/\\\/mikelssen.sk\\\/en\\\/#website\"},\"datePublished\":\"2024-07-04T20:46:05+00:00\",\"dateModified\":\"2024-07-04T20:57:37+00:00\",\"breadcrumb\":{\"@id\":\"https:\\\/\\\/mikelssen.sk\\\/en\\\/ponuka-zrealizovane\\\/#breadcrumb\"},\"inLanguage\":\"en-US\",\"potentialAction\":[{\"@type\":\"ReadAction\",\"target\":[\"https:\\\/\\\/mikelssen.sk\\\/en\\\/ponuka-zrealizovane\\\/\"]}]},{\"@type\":\"BreadcrumbList\",\"@id\":\"https:\\\/\\\/mikelssen.sk\\\/en\\\/ponuka-zrealizovane\\\/#breadcrumb\",\"itemListElement\":[{\"@type\":\"ListItem\",\"position\":1,\"name\":\"Home\",\"item\":\"https:\\\/\\\/mikelssen.sk\\\/en\\\/\"},{\"@type\":\"ListItem\",\"position\":2,\"name\":\"Ponuka &#8211; zrealizovan\u00e9\"}]},{\"@type\":\"WebSite\",\"@id\":\"https:\\\/\\\/mikelssen.sk\\\/en\\\/#website\",\"url\":\"https:\\\/\\\/mikelssen.sk\\\/en\\\/\",\"name\":\"MIKELSSEN\",\"description\":\"Predaj a pren\u00e1jom nehnute\u013enost\u00ed, bytov, domov, ch\u00e1t, chal\u00fap, pozemkov, kancel\u00e1rskych i v\u00fdrobn\u00fdch priestorov.\",\"publisher\":{\"@id\":\"https:\\\/\\\/mikelssen.sk\\\/en\\\/#organization\"},\"potentialAction\":[{\"@type\":\"SearchAction\",\"target\":{\"@type\":\"EntryPoint\",\"urlTemplate\":\"https:\\\/\\\/mikelssen.sk\\\/en\\\/?s={search_term_string}\"},\"query-input\":{\"@type\":\"PropertyValueSpecification\",\"valueRequired\":true,\"valueName\":\"search_term_string\"}}],\"inLanguage\":\"en-US\"},{\"@type\":\"Organization\",\"@id\":\"https:\\\/\\\/mikelssen.sk\\\/en\\\/#organization\",\"name\":\"Mikelssen\",\"url\":\"https:\\\/\\\/mikelssen.sk\\\/en\\\/\",\"logo\":{\"@type\":\"ImageObject\",\"inLanguage\":\"en-US\",\"@id\":\"https:\\\/\\\/mikelssen.sk\\\/en\\\/#\\\/schema\\\/logo\\\/image\\\/\",\"url\":\"https:\\\/\\\/mikelssen.sk\\\/wp-content\\\/uploads\\\/2022\\\/05\\\/logo-mikelssen.jpg\",\"contentUrl\":\"https:\\\/\\\/mikelssen.sk\\\/wp-content\\\/uploads\\\/2022\\\/05\\\/logo-mikelssen.jpg\",\"width\":1200,\"height\":400,\"caption\":\"Mikelssen\"},\"image\":{\"@id\":\"https:\\\/\\\/mikelssen.sk\\\/en\\\/#\\\/schema\\\/logo\\\/image\\\/\"},\"sameAs\":[\"https:\\\/\\\/www.facebook.com\\\/mikelssen\",\"https:\\\/\\\/www.instagram.com\\\/mikelssen_real_estate\\\/\"]}]}<\/script>\n<!-- \/ Yoast SEO plugin. -->","yoast_head_json":{"title":"Ponuka - zrealizovan\u00e9 - MIKELSSEN","robots":{"index":"index","follow":"follow","max-snippet":"max-snippet:-1","max-image-preview":"max-image-preview:large","max-video-preview":"max-video-preview:-1"},"canonical":"https:\/\/mikelssen.sk\/en\/ponuka-zrealizovane\/","og_locale":"en_US","og_type":"article","og_title":"Ponuka - zrealizovan\u00e9 - MIKELSSEN","og_url":"https:\/\/mikelssen.sk\/en\/ponuka-zrealizovane\/","og_site_name":"MIKELSSEN","article_publisher":"https:\/\/www.facebook.com\/mikelssen","article_modified_time":"2024-07-04T20:57:37+00:00","og_image":[{"width":1200,"height":630,"url":"https:\/\/mikelssen.sk\/wp-content\/uploads\/2022\/08\/fb-share.png","type":"image\/png"}],"twitter_card":"summary_large_image","schema":{"@context":"https:\/\/schema.org","@graph":[{"@type":"WebPage","@id":"https:\/\/mikelssen.sk\/en\/ponuka-zrealizovane\/","url":"https:\/\/mikelssen.sk\/en\/ponuka-zrealizovane\/","name":"Ponuka - zrealizovan\u00e9 - MIKELSSEN","isPartOf":{"@id":"https:\/\/mikelssen.sk\/en\/#website"},"datePublished":"2024-07-04T20:46:05+00:00","dateModified":"2024-07-04T20:57:37+00:00","breadcrumb":{"@id":"https:\/\/mikelssen.sk\/en\/ponuka-zrealizovane\/#breadcrumb"},"inLanguage":"en-US","potentialAction":[{"@type":"ReadAction","target":["https:\/\/mikelssen.sk\/en\/ponuka-zrealizovane\/"]}]},{"@type":"BreadcrumbList","@id":"https:\/\/mikelssen.sk\/en\/ponuka-zrealizovane\/#breadcrumb","itemListElement":[{"@type":"ListItem","position":1,"name":"Home","item":"https:\/\/mikelssen.sk\/en\/"},{"@type":"ListItem","position":2,"name":"Ponuka &#8211; zrealizovan\u00e9"}]},{"@type":"WebSite","@id":"https:\/\/mikelssen.sk\/en\/#website","url":"https:\/\/mikelssen.sk\/en\/","name":"MIKELSSEN","description":"Predaj a pren\u00e1jom nehnute\u013enost\u00ed, bytov, domov, ch\u00e1t, chal\u00fap, pozemkov, kancel\u00e1rskych i v\u00fdrobn\u00fdch priestorov.","publisher":{"@id":"https:\/\/mikelssen.sk\/en\/#organization"},"potentialAction":[{"@type":"SearchAction","target":{"@type":"EntryPoint","urlTemplate":"https:\/\/mikelssen.sk\/en\/?s={search_term_string}"},"query-input":{"@type":"PropertyValueSpecification","valueRequired":true,"valueName":"search_term_string"}}],"inLanguage":"en-US"},{"@type":"Organization","@id":"https:\/\/mikelssen.sk\/en\/#organization","name":"Mikelssen","url":"https:\/\/mikelssen.sk\/en\/","logo":{"@type":"ImageObject","inLanguage":"en-US","@id":"https:\/\/mikelssen.sk\/en\/#\/schema\/logo\/image\/","url":"https:\/\/mikelssen.sk\/wp-content\/uploads\/2022\/05\/logo-mikelssen.jpg","contentUrl":"https:\/\/mikelssen.sk\/wp-content\/uploads\/2022\/05\/logo-mikelssen.jpg","width":1200,"height":400,"caption":"Mikelssen"},"image":{"@id":"https:\/\/mikelssen.sk\/en\/#\/schema\/logo\/image\/"},"sameAs":["https:\/\/www.facebook.com\/mikelssen","https:\/\/www.instagram.com\/mikelssen_real_estate\/"]}]}},"_links":{"self":[{"href":"https:\/\/mikelssen.sk\/en\/wp-json\/wp\/v2\/pages\/210","targetHints":{"allow":["GET"]}}],"collection":[{"href":"https:\/\/mikelssen.sk\/en\/wp-json\/wp\/v2\/pages"}],"about":[{"href":"https:\/\/mikelssen.sk\/en\/wp-json\/wp\/v2\/types\/page"}],"author":[{"embeddable":true,"href":"https:\/\/mikelssen.sk\/en\/wp-json\/wp\/v2\/users\/1"}],"replies":[{"embeddable":true,"href":"https:\/\/mikelssen.sk\/en\/wp-json\/wp\/v2\/comments?post=210"}],"version-history":[{"count":1,"href":"https:\/\/mikelssen.sk\/en\/wp-json\/wp\/v2\/pages\/210\/revisions"}],"predecessor-version":[{"id":211,"href":"https:\/\/mikelssen.sk\/en\/wp-json\/wp\/v2\/pages\/210\/revisions\/211"}],"wp:attachment":[{"href":"https:\/\/mikelssen.sk\/en\/wp-json\/wp\/v2\/media?parent=210"}],"curies":[{"name":"wp","href":"https:\/\/api.w.org\/{rel}","templated":true}]}}